{"id":4848,"date":"2018-08-24T12:56:57","date_gmt":"2018-08-24T10:56:57","guid":{"rendered":"https:\/\/member.alex-fischer-duesseldorf.de\/?page_id=4848"},"modified":"2018-08-24T13:25:46","modified_gmt":"2018-08-24T11:25:46","slug":"partnerprogramm","status":"publish","type":"page","link":"https:\/\/alex-fischer-duesseldorf.de\/member\/partnerprogramm\/","title":{"rendered":"Partnerprogramm"},"content":{"rendered":"<p>[et_pb_section bb_built=&#8221;1&#8243; transparent_background_fb=&#8221;default&#8221; custom_padding=&#8221;0px|0px|0px|0px&#8221;][et_pb_row custom_padding=&#8221;0px|0px|23.3906px|0px&#8221; background_position=&#8221;top_left&#8221; background_repeat=&#8221;repeat&#8221; background_size=&#8221;initial&#8221;][et_pb_column type=&#8221;4_4&#8243;][et_pb_text text_orientation=&#8221;center&#8221; background_position=&#8221;top_left&#8221; background_repeat=&#8221;repeat&#8221; background_size=&#8221;initial&#8221; _builder_version=&#8221;3.0.64&#8243; background_layout=&#8221;light&#8221; border_style=&#8221;solid&#8221;]<\/p>\n<h1>Herzlich Willkommen zum (Affiliate-) Partnerprogramm von Alex D\u00fcsseldorf Fischer<\/h1>\n<p>[\/et_pb_text][et_pb_text text_orientation=&#8221;center&#8221; background_position=&#8221;top_left&#8221; background_repeat=&#8221;repeat&#8221; background_size=&#8221;initial&#8221;]<\/p>\n<h2><span>In 3 einfachen Schritten online Geld verdienen und dabei Dellen ins Universum hauen!<\/span><\/h2>\n<p>[\/et_pb_text][\/et_pb_column][\/et_pb_row][\/et_pb_section][et_pb_section bb_built=&#8221;1&#8243; admin_label=&#8221;section&#8221; transparent_background_fb=&#8221;default&#8221; custom_padding=&#8221;0px|0px|46.7969px|0px&#8221;][et_pb_row admin_label=&#8221;row&#8221; custom_padding=&#8221;23.3906px|0px|0px|0px&#8221; background_position=&#8221;top_left&#8221; background_repeat=&#8221;repeat&#8221; background_size=&#8221;initial&#8221;][et_pb_column type=&#8221;1_2&#8243;][et_pb_video src=&#8221;https:\/\/www.youtube.com\/watch?v=XfpktY-7e9o&#8221; \/][et_pb_code \/][\/et_pb_column][et_pb_column type=&#8221;1_2&#8243;][et_pb_blurb url=&#8221;#&#8221; use_icon=&#8221;on&#8221; font_icon=&#8221;%%45%%&#8221; icon_color=&#8221;#84ce94&#8243; icon_placement=&#8221;left&#8221; background_position=&#8221;top_left&#8221; background_repeat=&#8221;repeat&#8221; background_size=&#8221;initial&#8221; _builder_version=&#8221;3.0.64&#8243; url_new_window=&#8221;off&#8221; use_circle=&#8221;off&#8221; use_circle_border=&#8221;off&#8221; use_icon_font_size=&#8221;off&#8221; background_layout=&#8221;light&#8221; border_style=&#8221;solid&#8221; animation=&#8221;top&#8221;]<\/p>\n<p><strong>Vorbereitete Werbemittel wie Bannervorlagen, Email-Vorlagen, etc.<\/strong><\/p>\n<p>[\/et_pb_blurb][et_pb_blurb url=&#8221;#&#8221; use_icon=&#8221;on&#8221; font_icon=&#8221;%%45%%&#8221; icon_color=&#8221;#84ce94&#8243; icon_placement=&#8221;left&#8221; background_position=&#8221;top_left&#8221; background_repeat=&#8221;repeat&#8221; background_size=&#8221;initial&#8221; _builder_version=&#8221;3.0.64&#8243;]<\/p>\n<p><strong>Verdiene Geld ganz ohne Risiko und baue Dir dabei gleichzeitig Reichweite auf<\/strong><\/p>\n<p>[\/et_pb_blurb][et_pb_blurb url=&#8221;#&#8221; use_icon=&#8221;on&#8221; font_icon=&#8221;%%45%%&#8221; icon_color=&#8221;#84ce94&#8243; icon_placement=&#8221;left&#8221; background_position=&#8221;top_left&#8221; background_repeat=&#8221;repeat&#8221; background_size=&#8221;initial&#8221;]<\/p>\n<p><strong>Hilf uns dabei, unsere Mission zu verbreiten und anderen Menschen zu helfen<\/strong><\/p>\n<p>[\/et_pb_blurb][et_pb_code]&lt;iframe style=&quot;border: none; overflow: hidden; width: 300px; height: 80px;&quot; src=&quot;\/\/www.facebook.com\/plugins\/like.php?href=https%3A%2F%2Fwww.facebook.com%2FAF.Site&amp;width=300&amp;layout=standard&amp;action=like&amp;show_faces=true&amp;share=true&amp;height=80&quot; width=&quot;300&quot; height=&quot;80&quot; frameborder=&quot;0&quot; scrolling=&quot;no&quot;&gt;&lt;\/iframe&gt;&lt;\/p&gt;&lt;!&#8211; [et_pb_line_break_holder] &#8211;&gt;[\/et_pb_code][\/et_pb_column][\/et_pb_row][et_pb_row admin_label=&#8221;row&#8221; background_position=&#8221;top_left&#8221; background_repeat=&#8221;repeat&#8221; background_size=&#8221;initial&#8221;][et_pb_column type=&#8221;4_4&#8243;][et_pb_text text_orientation=&#8221;center&#8221; background_position=&#8221;top_left&#8221; background_repeat=&#8221;repeat&#8221; background_size=&#8221;initial&#8221;]<\/p>\n<span class=\"tve-leads-two-step-trigger tl-2step-trigger-33146\"><img fetchpriority=\"high\" fetchpriority=\"high\" decoding=\"async\" src=\"https:\/\/alex-fischer-duesseldorf.de\/member\/wp-content\/uploads\/2017\/05\/Bildschirmfoto-2017-05-10-um-22.35.36-470x47.png\" width=\"770\" height=\"77\" alt=\"\" class=\"wp-image-33149 alignnone size-medium\" srcset=\"https:\/\/alex-fischer-duesseldorf.de\/member\/wp-content\/uploads\/2017\/05\/Bildschirmfoto-2017-05-10-um-22.35.36-470x47.png 470w, https:\/\/alex-fischer-duesseldorf.de\/member\/wp-content\/uploads\/2017\/05\/Bildschirmfoto-2017-05-10-um-22.35.36-768x77.png 768w, https:\/\/alex-fischer-duesseldorf.de\/member\/wp-content\/uploads\/2017\/05\/Bildschirmfoto-2017-05-10-um-22.35.36-970x98.png 970w, https:\/\/alex-fischer-duesseldorf.de\/member\/wp-content\/uploads\/2017\/05\/Bildschirmfoto-2017-05-10-um-22.35.36-1080x109.png 1080w\" sizes=\"(max-width: 770px) 100vw, 770px\" \/><\/span>\n<p>[\/et_pb_text][\/et_pb_column][\/et_pb_row][et_pb_row admin_label=&#8221;row&#8221; background_position=&#8221;top_left&#8221; background_repeat=&#8221;repeat&#8221; background_size=&#8221;initial&#8221;][et_pb_column type=&#8221;1_3&#8243;][et_pb_image src=&#8221;https:\/\/alex-fischer-duesseldorf.de\/member\/wp-content\/uploads\/2017\/05\/Buchcover-Reicher-als-die-Geissens.png&#8221; url=&#8221;#&#8221; force_fullwidth=&#8221;on&#8221; \/][et_pb_image src=&#8221;https:\/\/alex-fischer-duesseldorf.de\/member\/wp-content\/uploads\/2017\/01\/01-Widmung-mp3-image.png&#8221; url=&#8221;#&#8221; \/][et_pb_image \/][\/et_pb_column][et_pb_column type=&#8221;2_3&#8243;][et_pb_text background_position=&#8221;top_left&#8221; background_repeat=&#8221;repeat&#8221; background_size=&#8221;initial&#8221;]<\/p>\n<p style=\"text-align: left;\"><span style=\"font-weight: 400;\">Lieber Partner und Affilliate (= Tip- &#038; Empfehlungsgeber im Internet),<\/span><\/p>\n<p style=\"text-align: left;\"><strong>danke, dass Du helfen willst meine Produkte auf Provisionsbasis zu verbreiten:\u00a0<span style=\"color: #ff0000;\">Schau Dir zuerst das kurze Video ganz oben an.<\/span><\/strong><\/p>\n<p style=\"text-align: left;\"><span style=\"font-weight: 400;\">Wenn Du auf der Suche nach M\u00f6glichkeiten bist, wie Du online Geld verdienen kannst \u2013 <strong>egal ob nebenberuflich\u00a0oder als Vollzeit-Einkommen<\/strong> \u2013 und mir au\u00dferdem\u00a0dabei helfen m\u00f6chtest, Dellen ins Universum zu hauen, dann\u00a0solltest Du Affiliate-Partner werden.<\/span><\/p>\n<p style=\"text-align: left;\"><strong>Mein Name ist Alex D\u00fcsseldorf Fischer und ich habe \u00fcber 20 Jahre Erfahrung als Unternehmer, Immobilien-Investor, Marketer &#038; Vertriebler.<\/strong><\/p>\n<p style=\"text-align: left;\"><span style=\"font-weight: 400;\">Mit meinem Affiliateprogramm kannst Du (durch Link-Klicks Deines Netzwerkes!)\u00a0<strong>passiv\u00a0Geld verdienen<\/strong> und vom Erfolg meiner Produkte profitieren. Einfach, indem Du sie online verbreitest und weiterempfiehlst.<\/span><\/p>\n<p style=\"text-align: left;\"><em><span style=\"font-weight: 400;\">(Das nennt man im Netz &#8220;Affiliate-Marketing&#8221;, was so viel hei\u00dft wie Marketing durch &#8220;Verbreitungspartner&#8221; oder &#8220;Tipgeber&#8221;. Diese empfehlen \u00fcber ihren <span style=\"text-decoration: underline;\">pers\u00f6nlichen<\/span> Link (vergleichbar mit einer Vermittlernummer) eine Ware oder Dienstleistung. Klickt jemand auf diesen pers\u00f6nlichen Link, so wei\u00df die Zielwebseite, woher der Kunde kam. Im Falle eines Kaufs wird dem Affiliate dann automatisch die Provision gutgeschrieben.)<\/span><\/em><\/p>\n<p style=\"text-align: left;\"><span style=\"font-weight: 400;\">Durch meinen\u00a0<strong>Buch-Bestseller<\/strong> \u201e<em>Reicher als die Geissens: Mit Null Euro Startkapital zum Immobilien-Million\u00e4r<\/em>\u201c (wurde allein in den ersten 6 Monaten\u00a0<strong>\u00fcber 53.000 <\/strong><span style=\"text-decoration: underline;\"><strong>Mal verkauft)<\/strong><\/span> kannst Du als Affiliate-Partner<\/span><span style=\"font-weight: 400;\">\u00a0ganz nebenbei gutes Geld verdienen.<\/span><\/p>\n<p style=\"text-align: left;\"><span style=\"font-weight: 400;\">Die Reaktionen der Kunden, Partner und Medien sind unglaublich positiv. Heute hast Du die M\u00f6glichkeit, Teil dieses Erfolges zu werden und gemeinsam\u00a0Geschichte zu schreiben. Du brauchst <strong>keine Vorkenntnisse<\/strong>, sondern kannst (innerhalb von Minuten) die ersten Provisionen erhalten.<\/span><\/p>\n<p style=\"text-align: left;\"><span style=\"font-weight: 400;\">Warum? In meinem exklusiven <strong>Affiliate-Partnerbereich<\/strong> gebe ich Dir alle n\u00f6tigen <strong>Anleitungen, Tools, Vorlagen und Werbemittel<\/strong>, damit Du noch heute Deinen ersten Umsatz online machst.\u00a0<\/span><span style=\"font-weight: 400;\">Kein Zwang, kein Druck \u2013 wenn Du keine Lust mehr hast, h\u00f6rst Du einfach auf.<\/span><\/p>\n<p>[\/et_pb_text][et_pb_text text_orientation=&#8221;center&#8221; background_position=&#8221;top_left&#8221; background_repeat=&#8221;repeat&#8221; background_size=&#8221;initial&#8221;]<\/p>\n<span class=\"tve-leads-two-step-trigger tl-2step-trigger-33146\"><img fetchpriority=\"high\" fetchpriority=\"high\" decoding=\"async\" src=\"https:\/\/alex-fischer-duesseldorf.de\/member\/wp-content\/uploads\/2017\/05\/Bildschirmfoto-2017-05-10-um-22.35.36-470x47.png\" width=\"770\" height=\"77\" alt=\"\" class=\"wp-image-33149 alignnone size-medium\" srcset=\"https:\/\/alex-fischer-duesseldorf.de\/member\/wp-content\/uploads\/2017\/05\/Bildschirmfoto-2017-05-10-um-22.35.36-470x47.png 470w, https:\/\/alex-fischer-duesseldorf.de\/member\/wp-content\/uploads\/2017\/05\/Bildschirmfoto-2017-05-10-um-22.35.36-768x77.png 768w, https:\/\/alex-fischer-duesseldorf.de\/member\/wp-content\/uploads\/2017\/05\/Bildschirmfoto-2017-05-10-um-22.35.36-970x98.png 970w, https:\/\/alex-fischer-duesseldorf.de\/member\/wp-content\/uploads\/2017\/05\/Bildschirmfoto-2017-05-10-um-22.35.36-1080x109.png 1080w\" sizes=\"(max-width: 770px) 100vw, 770px\" \/><\/span>\n<p>[\/et_pb_text][\/et_pb_column][\/et_pb_row][et_pb_row admin_label=&#8221;row&#8221; use_custom_width=&#8221;on&#8221; custom_width_px=&#8221;3000000px&#8221; use_custom_gutter=&#8221;on&#8221; gutter_width=&#8221;4&#8243; background_color=&#8221;#889096&#8243; background_position=&#8221;top_left&#8221; background_repeat=&#8221;repeat&#8221; background_size=&#8221;initial&#8221;][et_pb_column type=&#8221;4_4&#8243;][et_pb_text background_layout=&#8221;dark&#8221; header_font=&#8221;|on|||&#8221; header_font_size=&#8221;47px&#8221; header_letter_spacing=&#8221;14px&#8221; header_line_height=&#8221;1.7em&#8221; text_font_size=&#8221;33px&#8221; background_color=&#8221;#889096&#8243; background_position=&#8221;top_left&#8221; background_repeat=&#8221;repeat&#8221; background_size=&#8221;initial&#8221;]<\/p>\n<p style=\"padding-left: 30px; text-align: center;\"><strong>Warum solltest Du Partner werden?<\/strong><\/p>\n<p>[\/et_pb_text][\/et_pb_column][\/et_pb_row][et_pb_row admin_label=&#8221;row&#8221; background_position=&#8221;top_left&#8221; background_repeat=&#8221;repeat&#8221; background_size=&#8221;initial&#8221;][et_pb_column type=&#8221;4_4&#8243;][et_pb_accordion toggle_font_size=&#8221;28px&#8221; use_border_color=&#8221;on&#8221;]<\/p>\n<p>[et_pb_accordion_item title=&#8221;1- Top-Verdienstm\u00f6glichkeiten&#8221; open=&#8221;on&#8221;]Du erh\u00e4ltst f\u00fcr jede erfolgreiche Empfehlung 50 % Provision und brauchst daf\u00fcr nicht mal ein eigenes Produkt. Du kannst mit nur einer Vermittlung bis zu 135,45 \u20ac am ersten Tag verdienen und musst daf\u00fcr nichts weiter tun, als meine Produkte \u00fcber dein Netzwerk (via Facebook, Deine Webseite etc.) zu teilen. Wie genau das geht, zeige ich Dir im internen Partner-Bereich (klicke dazu auf einen der orangenen Buttons und werde Partner).<\/p>\n<p>[\/et_pb_accordion_item]<\/p>\n<p>[\/et_pb_accordion][\/et_pb_column][\/et_pb_row][et_pb_row admin_label=&#8221;row&#8221; background_position=&#8221;top_left&#8221; background_repeat=&#8221;repeat&#8221; background_size=&#8221;initial&#8221;][et_pb_column type=&#8221;4_4&#8243;][et_pb_accordion toggle_font_size=&#8221;28px&#8221; use_border_color=&#8221;on&#8221;]<\/p>\n<p>[et_pb_accordion_item title=&#8221;2- Bekannte Marke = Weniger \u00dcberzeugungsarbeit f\u00fcr Dich&#8221; open=&#8221;on&#8221;]Die Marke \u201eAlex D\u00fcsseldorf Fischer\u201c ist mittlerweile sehr bekannt und dadurch musst Du weniger \u00dcberzeugungsarbeit leisten, bis jemand ein Produkt kauft. Im Vergleich zu anderen Produkten, musst Du bei mir viel weniger Menschen auf Bestellseiten f\u00fchren, bis Du Provisionen verdienst.<\/p>\n<p>[\/et_pb_accordion_item]<\/p>\n<p>[\/et_pb_accordion][\/et_pb_column][\/et_pb_row][et_pb_row admin_label=&#8221;row&#8221; background_position=&#8221;top_left&#8221; background_repeat=&#8221;repeat&#8221; background_size=&#8221;initial&#8221;][et_pb_column type=&#8221;4_4&#8243;][et_pb_accordion toggle_font_size=&#8221;28px&#8221; use_border_color=&#8221;on&#8221;]<\/p>\n<p>[et_pb_accordion_item title=&#8221;3- Einfache Anleitung mit Werbemittel und Vorlagen&#8221; open=&#8221;on&#8221;]Wenn Du bisher noch keine Erfahrung im Empfehlen anderer Produkte (Affilliate-Marketing) hast, gebe ich Dir in meinem Partner-Bereich eine exakte Anleitung.So kannst Du noch heute starten und die ersten Ums\u00e4tze erwirtschaften. Als Partner bekommst Du au\u00dferdem erprobte Vorlagen und bew\u00e4hrte Texte, die Du gerne nutzen kannst. Dadurch hast Du noch weniger Arbeit und musst praktisch nur \u201ekopieren und einf\u00fcgen\u201c. Mehr Details bekommst Du oben im Video.<\/p>\n<p>[\/et_pb_accordion_item]<\/p>\n<p>[\/et_pb_accordion][\/et_pb_column][\/et_pb_row][et_pb_row admin_label=&#8221;row&#8221; background_position=&#8221;top_left&#8221; background_repeat=&#8221;repeat&#8221; background_size=&#8221;initial&#8221;][et_pb_column type=&#8221;4_4&#8243;][et_pb_accordion toggle_font_size=&#8221;28px&#8221; use_border_color=&#8221;on&#8221;]<\/p>\n<p>[et_pb_accordion_item title=&#8221;4- Bonusprogramme und tolle Preise&#8221; open=&#8221;on&#8221;]Die besten Partner und Vermittler bekommen neben ihrer regul\u00e4ren Provision zus\u00e4tzlich immer wieder tolle Preise und Belohnungen. Darunter: WhatsApp-Fragen direkt an mich, VIP-Vollzugang zu meinen Wissensportal mit \u00fcber 600 Videos im Wert von 2.500 \u20ac, exklusive Seminare, Privat-Coaching in meinem Loft und vieles mehr!<\/p>\n<p>[\/et_pb_accordion_item]<\/p>\n<p>[\/et_pb_accordion][\/et_pb_column][\/et_pb_row][et_pb_row admin_label=&#8221;row&#8221; background_position=&#8221;top_left&#8221; background_repeat=&#8221;repeat&#8221; background_size=&#8221;initial&#8221;][et_pb_column type=&#8221;4_4&#8243;][et_pb_accordion toggle_font_size=&#8221;28px&#8221; use_border_color=&#8221;on&#8221;]<\/p>\n<p>[et_pb_accordion_item title=&#8221;5- Top-Support&#8221; open=&#8221;on&#8221;]Du hast noch irgendwelche Fragen zum Thema? Wir sch\u00e4tzen die Unterst\u00fctzung unserer Partner sehr und helfen Dir bei Fragen oder W\u00fcnschen gerne weiter. Melde Dich jetzt GRATIS f\u00fcr das Partnerprogramm an und lass uns gemeinsam Dellen ins Universum hauen. Klicke deshalb auf den orangenen Button und melde Dich an. Nach der Anmeldung, bekommst Du eine E-Mail, die Du eventuell noch best\u00e4tigen musst. Nach Best\u00e4tigung Deiner E-Mail-Adresse wirst du automatisch in den Partner-Bereich weitergeleitet. Dort findest Du auch Zugang zur Support-Hotline.<\/p>\n<p>[\/et_pb_accordion_item]<\/p>\n<p>[\/et_pb_accordion][et_pb_text text_orientation=&#8221;center&#8221; background_position=&#8221;top_left&#8221; background_repeat=&#8221;repeat&#8221; background_size=&#8221;initial&#8221;]<\/p>\n<span class=\"tve-leads-two-step-trigger tl-2step-trigger-33146\"><img decoding=\"async\" src=\"https:\/\/alex-fischer-duesseldorf.de\/member\/wp-content\/uploads\/2017\/05\/Bildschirmfoto-2017-05-10-um-22.35.36-470x47.png\" width=\"670\" height=\"167\" alt=\"\" class=\"wp-image-33149 alignnone size-medium\" \/><\/span>\n<p>[\/et_pb_text][\/et_pb_column][\/et_pb_row][et_pb_row admin_label=&#8221;row&#8221; background_position=&#8221;top_left&#8221; background_repeat=&#8221;repeat&#8221; background_size=&#8221;initial&#8221;][et_pb_column type=&#8221;1_3&#8243;][et_pb_image src=&#8221;https:\/\/alex-fischer-duesseldorf.de\/member\/wp-content\/uploads\/2017\/04\/Alex-Duesseldorf-Fischert-Immobilien-Seminar-2.png&#8221; url=&#8221;#&#8221; force_fullwidth=&#8221;on&#8221; \/][et_pb_image \/][\/et_pb_column][et_pb_column type=&#8221;2_3&#8243;][et_pb_text background_position=&#8221;top_left&#8221; background_repeat=&#8221;repeat&#8221; background_size=&#8221;initial&#8221;]<\/p>\n<p><span style=\"font-weight: 400;\">Wir sehen uns auf der anderen Seite!<\/span><\/p>\n<p><span style=\"font-weight: 400;\">Dein<br \/>\n<\/span><span style=\"line-height: 1.5;\">Alex D\u00fcsseldorf Fischer<\/span><\/p>\n<p><span style=\"font-weight: 400;\"><strong>P.S.:<\/strong>\u00a0Die wichtigsten Fakten in kurz: Du kannst meine Produkte vermitteln und bekommst <strong>50 % von jedem Umsatz<\/strong>, der durch Dich entstanden ist. Die\u00a0<\/span><span style=\"font-weight: 400;\">Produkte sind sehr gefragt, es wurden alleine in den ersten 6 Monaten\u00a0<strong>\u00fcber 53.000 B\u00fccher verkauft<\/strong>.<br \/>\n<\/span><span style=\"font-weight: 400;\">Deine Provision f\u00fcr jeden (durch einen Link-Klick!) vermittelten Kunden geht hoch bis zu <strong>135,45 \u20ac am ersten Tag<\/strong>. Du <strong>partizipierst an allem<\/strong> bis zu\u00a0<strong>6 Monate<\/strong> ab Empfehlung.\u00a0<\/span><span style=\"font-weight: 400;\"><strong>Es gibt <span style=\"text-decoration: underline;\">keinen<\/span> Haken:<\/strong> Die Teilnahme am Partnerprogramm <strong>ist kostenlos<\/strong> und Du kannst jederzeit aufh\u00f6ren, wenn Du keine Lust mehr hast. Ich unterst\u00fctze Dich mit <strong>genauen Anleitungen, Vorlagen und Templates<\/strong> \u2013 Du kannst also auch mitmachen, wenn Du keine Ahnung hast.\u00a0<\/span><strong>Melde Dich jetzt kostenlos f\u00fcr den Partnerbereich an<\/strong>. Du wirst es nicht bereuen.<\/p>\n<p>[\/et_pb_text][et_pb_text text_orientation=&#8221;center&#8221; background_position=&#8221;top_left&#8221; background_repeat=&#8221;repeat&#8221; background_size=&#8221;initial&#8221;]<\/p>\n<span class=\"tve-leads-two-step-trigger tl-2step-trigger-33146\"><img decoding=\"async\" src=\"https:\/\/alex-fischer-duesseldorf.de\/member\/wp-content\/uploads\/2017\/05\/Bildschirmfoto-2017-05-10-um-22.35.36-470x47.png\" width=\"670\" height=\"167\" alt=\"\" class=\"wp-image-33149 alignnone size-medium\" \/><\/span>\n<p>[\/et_pb_text][\/et_pb_column][\/et_pb_row][\/et_pb_section]<\/p>\n","protected":false},"excerpt":{"rendered":"<p>Herzlich Willkommen zum (Affiliate-) Partnerprogramm&#8230;<\/p>\n","protected":false},"author":5,"featured_media":0,"parent":0,"menu_order":0,"comment_status":"closed","ping_status":"closed","template":"page_page-builder.php","meta":{"_bbp_topic_count":0,"_bbp_reply_count":0,"_bbp_total_topic_count":0,"_bbp_total_reply_count":0,"_bbp_voice_count":0,"_bbp_anonymous_reply_count":0,"_bbp_topic_count_hidden":0,"_bbp_reply_count_hidden":0,"_bbp_forum_subforum_count":0,"_et_pb_use_builder":"on","_et_pb_old_content":"","_et_gb_content_width":"","inline_featured_image":false,"footnotes":""},"yst_prominent_words":[],"class_list":["post-4848","page","type-page","status-publish","hentry"],"_links":{"self":[{"href":"https:\/\/alex-fischer-duesseldorf.de\/member\/wp-json\/wp\/v2\/pages\/4848","targetHints":{"allow":["GET"]}}],"collection":[{"href":"https:\/\/alex-fischer-duesseldorf.de\/member\/wp-json\/wp\/v2\/pages"}],"about":[{"href":"https:\/\/alex-fischer-duesseldorf.de\/member\/wp-json\/wp\/v2\/types\/page"}],"author":[{"embeddable":true,"href":"https:\/\/alex-fischer-duesseldorf.de\/member\/wp-json\/wp\/v2\/users\/5"}],"replies":[{"embeddable":true,"href":"https:\/\/alex-fischer-duesseldorf.de\/member\/wp-json\/wp\/v2\/comments?post=4848"}],"version-history":[{"count":6,"href":"https:\/\/alex-fischer-duesseldorf.de\/member\/wp-json\/wp\/v2\/pages\/4848\/revisions"}],"predecessor-version":[{"id":43361,"href":"https:\/\/alex-fischer-duesseldorf.de\/member\/wp-json\/wp\/v2\/pages\/4848\/revisions\/43361"}],"wp:attachment":[{"href":"https:\/\/alex-fischer-duesseldorf.de\/member\/wp-json\/wp\/v2\/media?parent=4848"}],"wp:term":[{"taxonomy":"yst_prominent_words","embeddable":true,"href":"https:\/\/alex-fischer-duesseldorf.de\/member\/wp-json\/wp\/v2\/yst_prominent_words?post=4848"}],"curies":[{"name":"wp","href":"https:\/\/api.w.org\/{rel}","templated":true}]}}